{"id":452,"date":"2014-08-29T01:32:00","date_gmt":"2014-08-29T01:32:00","guid":{"rendered":"http:\/\/wp\/?page_id=2"},"modified":"2025-05-09T12:35:06","modified_gmt":"2025-05-09T12:35:06","slug":"test2","status":"publish","type":"page","link":"https:\/\/www.roarmycatering.ro\/","title":{"rendered":"test2"},"content":{"rendered":"<\/div><\/div><\/div><!-- close content main div --><\/div><\/div><div id='av_section_1' class='avia-section main_color avia-section-default avia-no-border-styling avia-bg-style-scroll   av-minimum-height av-minimum-height-custom container_wrap sidebar_right' style = 'background-color: #307ecc; background-repeat: no-repeat; background-image: url(https:\/\/www.roarmycatering.ro\/wp-content\/uploads\/2014\/08\/icon_bg_trans_wave.png); background-attachment: scroll; background-position: bottom right; ' data-section-bg-repeat='no-repeat' ><div class='container' style='height:200px'><div class='template-page content  av-content-small alpha units'><div class='post-entry post-entry-type-page post-entry-452'><div class='entry-content-wrapper clearfix'><\/div><\/div><\/div><!-- close content main div --><\/div><div class='av-extra-border-element border-extra-arrow-down'><div class='av-extra-border-outer'><div class='av-extra-border-inner'  style='background-color:#307ecc;' ><\/div><\/div><\/div><\/div><div id='after_section_1' class='main_color av_default_container_wrap container_wrap sidebar_right'   ><div class='container' ><div class='template-page content  av-content-small alpha units'><div class='post-entry post-entry-type-page post-entry-452'><div class='entry-content-wrapper clearfix'>\n<div style='padding-bottom:40px;color:#ffffff;font-size:72px;' class='av-special-heading av-special-heading-h2 custom-color-heading blockquote modern-quote  av-inherit-size '><h2 class='av-special-heading-tag '  itemprop=\"headline\"  >Ro ArmyCatering SA<\/h2><div class ='av-subheading av-subheading_below av_custom_color ' style='font-size:20px;'><p>\u00cencep\u00e2nd cu 02.10.2023 am deschis<\/p>\n<p>RESTAURANT RoA<br \/>\nDrumul s\u0103rii nr.33 , sector 6 Bucure\u0219ti<\/p>\n<div class='avia-button-wrap avia-button-center '><a href='http:\/\/www.roarmycatering.ro\/wp-content\/uploads\/2025\/05\/IMG-20250507-WA0016.jpg' class='avia-button   avia-icon_select-yes-left-icon avia-color-black avia-size-medium avia-position-center '  target=\"_blank\"   ><span class='avia_button_icon avia_button_icon_left ' aria-hidden='true' data-av_icon='\ue84e' data-av_iconfont='entypo-fontello'><\/span><span class='avia_iconbox_title' >Meniul pentru s\u0103pt\u0103m\u00e2na 12-16.05.2025<\/span><\/a><\/div>\n<\/div><div class='special-heading-border'><div class='special-heading-inner-border' style='border-color:#ffffff'><\/div><\/div><\/div>\n<\/div><\/div><\/div><!-- close content main div --><\/div><div class='av-extra-border-element border-extra-arrow-down'><div class='av-extra-border-outer'><div class='av-extra-border-inner'  style='background-color:#307ecc;' ><\/div><\/div><\/div><\/div><div id='av_section_2' class='avia-section main_color avia-section-large avia-no-border-styling avia-bg-style-scroll    container_wrap sidebar_right'   ><div class='container' ><div class='template-page content  av-content-small alpha units'><div class='post-entry post-entry-type-page post-entry-452'><div class='entry-content-wrapper clearfix'>\n<div class=\"flex_column av_one_fifth  flex_column_div first  \" ><\/div><div class=\"flex_column av_three_fifth  flex_column_div av-zero-column-padding   \" style='border-radius:0px; '><p><div style='padding-bottom:10px;' class='av-special-heading av-special-heading-h2  blockquote modern-quote modern-centered   '><div class ='av-subheading av-subheading_above  ' style='font-size:15px;'><p>Cine suntem<\/p>\n<\/div><h2 class='av-special-heading-tag '  itemprop=\"headline\"  >Ro-armycatering<\/h2><div class='special-heading-border'><div class='special-heading-inner-border' ><\/div><\/div><\/div><br \/>\n<section class=\"av_textblock_section \"  itemscope=\"itemscope\" itemtype=\"https:\/\/schema.org\/CreativeWork\" ><div class='avia_textblock  '  style='font-size:16px; '  itemprop=\"text\" ><p style=\"text-align: center;\"><span class=\"xr_tj xr_s11\"><span class=\"xr_s12\">S.C. RO-ARMYCATERING S.A., filial\u0103 a C.N.ROMTEHNICA S.A. este specializat\u0103 \u00een activit\u0103\u021bi de hr\u0103nire\u00a0<\/span><\/span><span class=\"xr_tl xr_s13\"><span class=\"xr_s12\">\u015fi presteaza servicii cu prioritate pentru <\/span><\/span><span class=\"xr_tl xr_s13\"><span class=\"xr_s12\">personalul Armatei Rom\u00e2niei.<\/span><\/span><span class=\"xr_tl xr_s13\"><span class=\"xr_s12\">\u00a0 \u00a0 \u00a0<\/span><\/span><\/p>\n<p style=\"text-align: center;\"><span class=\"xr_tj xr_s13\"><span class=\"xr_s12\">\u00a0Faptul c\u0103 S.C. RO-ARMYCATERING S.A. presteaz\u0103 servicii de hr\u0103nire cu preponderen\u0163\u0103 \u00een cadrul\u00a0<\/span>\u00a0<\/span><span class=\"xr_tl xr_s13\"><span class=\"xr_s12\">Ministerului Ap\u0103rarii Na\u0163ionale trebuie s\u0103 confere consumatorilor din afara acestui sistem un grad sporit de <\/span><\/span><span class=\"xr_tl xr_s13\"><span class=\"xr_s12\">\u00eencredere \u015fi siguran\u0163\u0103 asupra calita\u0163ii \u015fi consisten\u0163ei produselor \u015fi preparatelor servite, deoarece sistemul de <\/span><\/span><span class=\"xr_tl xr_s13\"><span class=\"xr_s12\">hr\u0103nire din Armat\u0103 este unul din cele mai bine structurate, fundamentate \u015fi controlate sisteme de hr\u0103nire a <\/span><\/span><span class=\"xr_tl xr_s13\"><span class=\"xr_s12\">colectivit\u0103\u0163ilor.<\/span><\/span><\/p>\n<p style=\"text-align: center;\"><a href=\"http:\/\/www.roarmycatering.ro\/wp-content\/uploads\/2024\/09\/CODUL-DE-ETICA-AL-RO-ARMYCATERING-S.A.pdf\"><strong>CODUL DE ETIC\u0102\u00a0<\/strong><\/a><\/p>\n<p style=\"text-align: center;\"><strong>Anun\u021b publicita<\/strong><strong>r<\/strong><strong> licita\u021bie<\/strong><\/p>\n<p>Caiet de sarcini\u00a0 \u00a0 \u00a0 \u00a0 Anexa 1 Bunuri\u00a0, cantitate, pret \u00a0 \u00a0 \u00a0 Anexa 2 Cerere cumparare PF\u00a0 Anexa 3 Cerere cumparare PJ\u00a0 \u00a0 Anexa 4 Model contract\u00a0 \u00a0 Anexa 5 Declaratie PJ<\/p>\n<p>Anexa 6 Declaratie acceptare contract\u00a0 \u00a0 Anexa 7 Declaratie neplatitor TVA\u00a0 \u00a0 Anexa 8 A Declaratie vizualizare bunuri\u00a0 \u00a0 Anexa 8 B Declaratie nevizualizare bunuri<\/p>\n<p>Anexa 9 Fax vizionare bunuri\u00a0 \u00a0 \u00a0 \u00a0Anexa 10 Fax preluare bunuri\u00a0 \u00a0 Anexa 11 Declaratie persoane fizice\u00a0 \u00a0 Anexa 12 Regulament\u00a0 \u00a0 \u00a0 Anexa 13 Model oferta pret<\/p>\n<\/div><\/section><\/p><\/div><div class=\"flex_column av_one_fifth  flex_column_div av-zero-column-padding   \" style='border-radius:0px; '><\/div><div style=' margin-top:30px; margin-bottom:47px;'  class='hr hr-custom hr-center hr-icon-yes   '><span class='hr-inner   inner-border-av-border-thin' style=' width:50px;' ><span class='hr-inner-style'><\/span><\/span><span class='av-seperator-icon' style='color:#1e73be;' aria-hidden='true' data-av_icon='\ue8b4' data-av_iconfont='entypo-fontello'><\/span><span class='hr-inner   inner-border-av-border-thin' style=' width:50px;' ><span class='hr-inner-style'><\/span><\/span><\/div>\n<div class=\"flex_column av_one_third  flex_column_div first  \" ><article class=\"iconbox iconbox_left_content    \"  itemscope=\"itemscope\" itemtype=\"https:\/\/schema.org\/CreativeWork\" ><div class=\"iconbox_icon heading-color \" aria-hidden='true' data-av_icon='\ue80a' data-av_iconfont='entypo-fontello'  style='border:1px solid #307ecc; color:#307ecc; ' ><\/div><div class=\"iconbox_content\"><header class=\"entry-content-header\"><h3 class='iconbox_content_title '  itemprop=\"headline\"  >Suntem prezenti<\/h3><\/header><div class='iconbox_content_container  '  itemprop=\"text\"  ><h5>Restaurant ROA,\u00a0 adresa Drumul S\u0103rii nr.33, sector 6, <span class=\"xr_tl xr_s13\"><span class=\"xr_s12\">Bucure\u015fti.\u00a0<\/span><\/span><\/h5>\n<h5><img decoding=\"async\" loading=\"lazy\" class=\"\" src=\"http:\/\/www.roarmycatering.ro\/wp-content\/uploads\/2023\/10\/Prezentare-ROA_final.jpg\" width=\"274\" height=\"283\" \/><\/h5>\n<h5><\/h5>\n<h5><\/h5>\n<\/div><\/div><footer class=\"entry-footer\"><\/footer><\/article><\/div><div class=\"flex_column av_one_third  flex_column_div av-zero-column-padding   \" style='border-radius:0px; '><article class=\"iconbox iconbox_left_content    \"  itemscope=\"itemscope\" itemtype=\"https:\/\/schema.org\/CreativeWork\" ><div class=\"iconbox_icon heading-color \" aria-hidden='true' data-av_icon='\ue856' data-av_iconfont='entypo-fontello'  style='border:1px solid #307ecc; color:#307ecc; ' ><\/div><div class=\"iconbox_content\"><header class=\"entry-content-header\"><h3 class='iconbox_content_title '  itemprop=\"headline\"  >Garantia Calitatii<\/h3><\/header><div class='iconbox_content_container  '  itemprop=\"text\"  ><p><span class=\"xr_tj xr_s13\"><span class=\"xr_s12\">S.C. RO-ARMYCATERING S.A. aplic\u0103 \u015fi respect\u0103 condi\u0163iile de igien\u0103 \u015fi siguran\u0163\u0103 alimentar\u0103 ipuse de<\/span>\u00a0<\/span><span class=\"xr_tj xr_s13\"><span class=\"xr_s12\">\u00a0legisla\u0163ia specific\u0103 \u00een domeniu, de\u0163in\u00e2nd \u00een acest sens\u00a0<\/span><span class=\"xr_s14\">Certificatele ISO 22000:2005<\/span><span class=\"xr_s12\">\u00a0&#8211; Sisteme de\u00a0<\/span>\u00a0<\/span><span class=\"xr_tj xr_s13\"><span class=\"xr_s12\">management al siguran\u0163ei alimentului &#8211;\u00a0<\/span><span class=\"xr_s15\">Cerin\u0163e pentru organiza\u0163iile din cadrul lan\u0163ului alimentar<\/span><span class=\"xr_s12\">,\u00a0<\/span><span class=\"xr_s14\">ISO 9001:2015<\/span>\u00a0<\/span><span class=\"xr_tj xr_s13\"><span class=\"xr_s12\">&#8211;\u00a0<\/span><span class=\"xr_s15\">Sistemul de Mangement al Calit\u0103\u0163ii<\/span><span class=\"xr_s12\">\u00a0si\u00a0<\/span><span class=\"xr_s14\">ISO 14001:2015<\/span><span class=\"xr_s12\">\u00a0&#8211;\u00a0<\/span><span class=\"xr_s15\">Sistemul de Management de Mediu.<\/span><\/span><\/p>\n<\/div><\/div><footer class=\"entry-footer\"><\/footer><\/article><\/div><div class=\"flex_column av_one_third  flex_column_div av-zero-column-padding   \" style='border-radius:0px; '><article class=\"iconbox iconbox_left_content    \"  itemscope=\"itemscope\" itemtype=\"https:\/\/schema.org\/CreativeWork\" ><div class=\"iconbox_icon heading-color \" aria-hidden='true' data-av_icon='\ue808' data-av_iconfont='entypo-fontello'  style='border:1px solid #307ecc; color:#307ecc; ' ><\/div><div class=\"iconbox_content\"><header class=\"entry-content-header\"><h3 class='iconbox_content_title '  itemprop=\"headline\"  >Servicii de hranire<\/h3><\/header><div class='iconbox_content_container  '  itemprop=\"text\"  ><p><span class=\"xr_tj xr_s13\"><span class=\"xr_s12\">\u00a0Faptul c\u0103 S.C. RO-ARMYCATERING S.A. a prestat servicii de hr\u0103nire cu preponderen\u0163\u0103 \u00een cadrul <\/span>\u00a0<\/span><span class=\"xr_tl xr_s13\"><span class=\"xr_s12\">Ministerului Ap\u0103rarii Na\u0163ionale trebuie s\u0103 confere consumatorilor din afara acestui sistem un grad sporit de <\/span><\/span><span class=\"xr_tl xr_s13\"><span class=\"xr_s12\">\u00eencredere \u015fi siguran\u0163\u0103 asupra calita\u0163ii \u015fi consisten\u0163ei produselor \u015fi preparatelor servite, deoarece sistemul de <\/span><\/span><span class=\"xr_tl xr_s13\"><span class=\"xr_s12\">hr\u0103nire din Armat\u0103 este unul din cele mai bine structurate, fundamentate \u015fi controlate sisteme de hr\u0103nire a <\/span><\/span><span class=\"xr_tl xr_s13\"><span class=\"xr_s12\">colectivit\u0103\u0163ilor.<\/span><\/span><\/p>\n<\/div><\/div><footer class=\"entry-footer\"><\/footer><\/article><\/div>\n<\/div><\/div><\/div><!-- close content main div --><\/div><div class='av-extra-border-element border-extra-arrow-down'><div class='av-extra-border-outer'><div class='av-extra-border-inner'  style='background-color:#ffffff;' ><\/div><\/div><\/div><\/div><div id='after_section_2' class='main_color av_default_container_wrap container_wrap sidebar_right'   ><div class='container' ><div class='template-page content  av-content-small alpha units'><div class='post-entry post-entry-type-page post-entry-452'><div class='entry-content-wrapper clearfix'>\n<\/div><\/div><\/div><!-- close content main div --><\/div><div class='av-extra-border-element border-extra-arrow-down'><div class='av-extra-border-outer'><div class='av-extra-border-inner'  style='background-color:#ffffff;' ><\/div><\/div><\/div><\/div><div id='av_section_3' class='avia-section main_color avia-section-large avia-no-border-styling avia-bg-style-scroll    container_wrap sidebar_right' style = 'background-color: #f8f8f8; '  ><div class='container' ><div class='template-page content  av-content-small alpha units'><div class='post-entry post-entry-type-page post-entry-452'><div class='entry-content-wrapper clearfix'>\n<div class=\"flex_column av_one_fifth  flex_column_div first  \" ><\/div><div class=\"flex_column av_three_fifth  flex_column_div av-zero-column-padding   \" style='border-radius:0px; '><section class=\"av_textblock_section \"  itemscope=\"itemscope\" itemtype=\"https:\/\/schema.org\/CreativeWork\" ><div class='avia_textblock  '  style='font-size:16px; '  itemprop=\"text\" ><p style=\"text-align: center;\"><strong>Declaratii :<\/strong><\/p>\n<p style=\"text-align: center;\"><a href=\"http:\/\/www.roarmycatering.ro\/wp-content\/uploads\/2024\/06\/Declaratie-de-avere-2024.pdf\">Declaratie de avere Director General<\/a><\/p>\n<p style=\"text-align: center;\"><strong>SITUATII FINANCIARE 2023:<\/strong><\/p>\n<p style=\"text-align: center;\"><a href=\"http:\/\/www.roarmycatering.ro\/wp-content\/uploads\/2024\/05\/Bilant-la-31.12.2023-comprimat1.pdf\">Bilant 31.12.2023<\/a><\/p>\n<p style=\"text-align: center;\"><a href=\"http:\/\/www.roarmycatering.ro\/wp-content\/uploads\/2024\/05\/1-Raport-audit-financiar-Ro-army-2023.pdf\">Raport audit 2023<\/a><\/p>\n<p style=\"text-align: center;\"><a href=\"http:\/\/www.roarmycatering.ro\/wp-content\/uploads\/2024\/05\/Raportul-administratorilor-1.pdf\">Raportul administratorilor 2023<\/a><\/p>\n<p style=\"text-align: center;\"><a href=\"http:\/\/www.roarmycatering.ro\/wp-content\/uploads\/2024\/09\/Cheltuieli-cu-personalul-Roarmycatering-2021-2023.pdf\">Cheltuieli cu personalul 2021-2023<\/a><\/p>\n<p style=\"text-align: center;\"><strong>SITUATII FINANCIARE 2022:<\/strong><\/p>\n<p style=\"text-align: center;\"><a href=\"http:\/\/www.roarmycatering.ro\/wp-content\/uploads\/2023\/05\/Bilant-31.12.2022.pdf\">Bilant 31.12.2022<\/a><\/p>\n<p style=\"text-align: center;\"><a href=\"http:\/\/www.roarmycatering.ro\/wp-content\/uploads\/2023\/05\/Raport-audit-2022.pdf\">Raport audit 2022<\/a><\/p>\n<p style=\"text-align: center;\"><a href=\"http:\/\/www.roarmycatering.ro\/wp-content\/uploads\/2023\/05\/Raportul-administratorilor-2022.pdf\">Raportul administratorilor 2022<\/a><\/p>\n<p style=\"text-align: center;\"><a href=\"http:\/\/www.roarmycatering.ro\/wp-content\/uploads\/2022\/10\/Raportare-contabila-30.06.2022.pdf\">Raportare contabila 30.06.2022<\/a><\/p>\n<p style=\"text-align: center;\"><strong>SITUATII FINANCIARE 2021:<\/strong><\/p>\n<p style=\"text-align: center;\"><a href=\"http:\/\/www.roarmycatering.ro\/wp-content\/uploads\/2022\/06\/Bilant-ROARMYCATERING-la-31.12.2021.pdf\">Bilant 31.12.2021<\/a><\/p>\n<p style=\"text-align: center;\"><a href=\"http:\/\/www.roarmycatering.ro\/wp-content\/uploads\/2022\/06\/Raport-audit-financiar-ROARMYCATERING-2021.pdf\">Raport audit 2021<\/a><\/p>\n<p style=\"text-align: center;\"><a href=\"http:\/\/www.roarmycatering.ro\/wp-content\/uploads\/2022\/06\/Raportul-administratorilor-ROARMYCATERING-2021.pdf\">Raportul administratorilor 2021<\/a><\/p>\n<p style=\"text-align: center;\"><a href=\"http:\/\/www.roarmycatering.ro\/wp-content\/uploads\/2021\/07\/Bilant-30.06.2020.pdf\">Raportare contabila 30.06.2021<\/a><\/p>\n<p style=\"text-align: center;\"><strong>SITUATII FINANCIARE 2020:<\/strong><\/p>\n<p style=\"text-align: center;\"><a href=\"http:\/\/www.roarmycatering.ro\/wp-content\/uploads\/2021\/07\/BILANT-31.12.2020.pdf\">Bilant 31.12.2020<\/a><\/p>\n<p style=\"text-align: center;\"><a href=\"http:\/\/www.roarmycatering.ro\/wp-content\/uploads\/2021\/07\/RAPORTUL-AUDITORULUI.pdf\">Raport audit 2020<\/a><\/p>\n<p style=\"text-align: center;\"><a href=\"http:\/\/www.roarmycatering.ro\/wp-content\/uploads\/2021\/07\/RAPORTUL-ADMINISTRATORILOR.pdf\">Raportul administratorilor 2020<\/a><\/p>\n<p style=\"text-align: center;\"><a href=\"http:\/\/www.roarmycatering.ro\/wp-content\/uploads\/2021\/07\/Bilant-30.06.2020.pdf\">Raportare contabila 30.06.2020<\/a><\/p>\n<p style=\"text-align: center;\"><strong>SITUATII FINANCIARE 2019:<\/strong><\/p>\n<p style=\"text-align: center;\"><a href=\"http:\/\/www.roarmycatering.ro\/wp-content\/uploads\/2021\/07\/Bilant-31.12.2019-1.pdf\">BILANT 31.12.2019<\/a><\/p>\n<p style=\"text-align: center;\"><a href=\"http:\/\/www.roarmycatering.ro\/wp-content\/uploads\/2021\/07\/Raport-audit.pdf\">Raport audit 2019<\/a><\/p>\n<p style=\"text-align: center;\"><a href=\"http:\/\/www.roarmycatering.ro\/wp-content\/uploads\/2021\/07\/Raportul-administratorilor.pdf\">Raportul administratorilor 2019<\/a><\/p>\n<p style=\"text-align: center;\"><a href=\"http:\/\/www.roarmycatering.ro\/wp-content\/uploads\/2019\/09\/rap30.06.2019.pdf\">Raportare contabila 30.06.2019<\/a><\/p>\n<p style=\"text-align: center;\"><strong>SITUATII FINANCIARE 2018:<\/strong><\/p>\n<p style=\"text-align: center;\"><a href=\"http:\/\/www.roarmycatering.ro\/wp-content\/uploads\/2019\/05\/bilant2018.pdf\">Bilant\u00a0 31.12.2018<\/a><\/p>\n<p style=\"text-align: center;\"><a href=\"http:\/\/www.roarmycatering.ro\/wp-content\/uploads\/2019\/05\/notesituatii.pdf\">Note situatii bilant 2018<\/a><\/p>\n<p style=\"text-align: center;\"><a href=\"http:\/\/www.roarmycatering.ro\/wp-content\/uploads\/2019\/05\/recipisa2018.pdf\">Recipisa bilant 2018<\/a><\/p>\n<p style=\"text-align: center;\"><a href=\"http:\/\/www.roarmycatering.ro\/wp-content\/uploads\/2019\/05\/raportad.pdf\">Raportul administratorilor 2018<\/a><\/p>\n<p style=\"text-align: center;\"><a href=\"http:\/\/www.roarmycatering.ro\/wp-content\/uploads\/2019\/05\/raportaudit.pdf\">Raportul audit 2018<\/a><\/p>\n<\/div><\/section><br \/>\n<section class=\"av_textblock_section \"  itemscope=\"itemscope\" itemtype=\"https:\/\/schema.org\/CreativeWork\" ><div class='avia_textblock  '  style='font-size:16px; '  itemprop=\"text\" ><p style=\"text-align: center;\"><strong>SITUATII FINANCIARE 2017:<\/strong><\/p>\n<p style=\"text-align: center;\"><a href=\"http:\/\/www.roarmycatering.ro\/wp-content\/uploads\/2018\/06\/DOC026.pdf\">Bilant 2017<\/a><\/p>\n<p style=\"text-align: center;\"><a href=\"http:\/\/www.roarmycatering.ro\/wp-content\/uploads\/2018\/06\/DOC027.pdf\">Raportul administratorilor 2017<\/a><\/p>\n<p style=\"text-align: center;\"><a href=\"http:\/\/www.roarmycatering.ro\/wp-content\/uploads\/2018\/06\/DOC028.pdf\">Raport audit 2017<\/a><\/p>\n<\/div><\/section><\/p><\/div><div class=\"flex_column av_one_fifth  flex_column_div av-zero-column-padding   \" style='border-radius:0px; '><\/div><div style=' margin-top:30px; margin-bottom:47px;'  class='hr hr-custom hr-center hr-icon-yes   '><span class='hr-inner   inner-border-av-border-thin' style=' width:50px;' ><span class='hr-inner-style'><\/span><\/span><span class='av-seperator-icon' style='color:#1e73be;' aria-hidden='true' data-av_icon='\ue8b4' data-av_iconfont='entypo-fontello'><\/span><span class='hr-inner   inner-border-av-border-thin' style=' width:50px;' ><span class='hr-inner-style'><\/span><\/span><\/div>\n<\/div><\/div><\/div><!-- close content main div --><\/div><div class='av-extra-border-element border-extra-arrow-down'><div class='av-extra-border-outer'><div class='av-extra-border-inner'  style='background-color:#f8f8f8;' ><\/div><\/div><\/div><\/div><div id='after_section_3' class='main_color av_default_container_wrap container_wrap sidebar_right'   ><div class='container' ><div class='template-page content  av-content-small alpha units'><div class='post-entry post-entry-type-page post-entry-452'><div class='entry-content-wrapper clearfix'>\n<div class='avia-button-wrap avia-button-center '><a href='https:\/\/www.roarmycatering.ro\/index.php\/contact-2\/' class='avia-button avia-button-fullwidth  av-icon-on-hover avia-icon_select-yes-right-icon avia-color-custom '  style='color:#ffffff; background-color:#307ecc;  ' ><span class='avia_iconbox_title' >Ne poti contacta aici<\/span><span class='avia_button_icon avia_button_icon_right' aria-hidden='true' data-av_icon='\ue805' data-av_iconfont='entypo-fontello'><\/span><div class='av-button-description av-button-description-below'><p>Sc RoArmy Catering SA<\/p>\n<\/div><span class='avia_button_background avia-button avia-button-fullwidth avia-color-custom' style='background-color:#444444; '><\/span><\/a><\/div>\n<div class=\"flex_column av_one_full  flex_column_div av-zero-column-padding first  \" style='border-radius:0px; '><section class=\"av_textblock_section \"  itemscope=\"itemscope\" itemtype=\"https:\/\/schema.org\/CreativeWork\" ><div class='avia_textblock  '   itemprop=\"text\" ><p><a href=\"https:\/\/www.certmil.ro\"><img decoding=\"async\" loading=\"lazy\" class=\"wp-image-512 aligncenter\" src=\"http:\/\/www.roarmycatering.ro\/wp-content\/uploads\/2019\/01\/certmil.gif\" alt=\"\" width=\"239\" height=\"77\" \/><\/a><\/p>\n<\/div><\/section><\/div>\n","protected":false},"excerpt":{"rendered":"","protected":false},"author":1,"featured_media":0,"parent":0,"menu_order":0,"comment_status":"open","ping_status":"closed","template":"","meta":[],"_links":{"self":[{"href":"https:\/\/www.roarmycatering.ro\/index.php\/wp-json\/wp\/v2\/pages\/452"}],"collection":[{"href":"https:\/\/www.roarmycatering.ro\/index.php\/wp-json\/wp\/v2\/pages"}],"about":[{"href":"https:\/\/www.roarmycatering.ro\/index.php\/wp-json\/wp\/v2\/types\/page"}],"author":[{"embeddable":true,"href":"https:\/\/www.roarmycatering.ro\/index.php\/wp-json\/wp\/v2\/users\/1"}],"replies":[{"embeddable":true,"href":"https:\/\/www.roarmycatering.ro\/index.php\/wp-json\/wp\/v2\/comments?post=452"}],"version-history":[{"count":263,"href":"https:\/\/www.roarmycatering.ro\/index.php\/wp-json\/wp\/v2\/pages\/452\/revisions"}],"predecessor-version":[{"id":1582,"href":"https:\/\/www.roarmycatering.ro\/index.php\/wp-json\/wp\/v2\/pages\/452\/revisions\/1582"}],"wp:attachment":[{"href":"https:\/\/www.roarmycatering.ro\/index.php\/wp-json\/wp\/v2\/media?parent=452"}],"curies":[{"name":"wp","href":"https:\/\/api.w.org\/{rel}","templated":true}]}}